{"id":92,"date":"2021-03-05T09:25:41","date_gmt":"2021-03-05T12:25:41","guid":{"rendered":"http:\/\/desarrollarterh.com.ar\/?page_id=92"},"modified":"2021-03-05T10:46:55","modified_gmt":"2021-03-05T13:46:55","slug":"soporte-y-consultoria","status":"publish","type":"page","link":"http:\/\/desarrollarterh.com.ar\/index.php\/soporte-y-consultoria\/","title":{"rendered":"SOPORTE Y CONSULTOR\u00cdA"},"content":{"rendered":"\n<p>Proponemos a nuestros clientes considerar y revisar sus procesos de RRHH analizando en detalle cada situaci\u00f3n puntual.<\/p>\n\n\n\n<p><\/p>\n\n\n\n<div class=\"wp-block-cover alignfull has-nv-site-bg-background-color has-background-dim\" style=\"min-height:50px\"><div class=\"wp-block-cover__inner-container\">\n<p class=\"has-text-align-center has-large-font-size\"><\/p>\n<\/div><\/div>\n\n\n\n<div class=\"wp-block-cover alignfull has-nv-light-bg-background-color has-background-dim\" style=\"min-height:600px\"><div class=\"wp-block-cover__inner-container\">\n<div class=\"wp-block-group\"><div class=\"wp-block-group__inner-container\">\n<div class=\"wp-block-columns are-vertically-aligned-center\">\n<div class=\"wp-block-column is-vertically-aligned-center\" style=\"flex-basis:50%\">\n<figure class=\"wp-block-image size-large\"><img loading=\"lazy\" width=\"1024\" height=\"575\" src=\"http:\/\/desarrollarterh.com.ar\/wp-content\/uploads\/2021\/03\/pexels-marc-mueller-380769-1024x575.jpg\" alt=\"\" class=\"wp-image-76\" srcset=\"http:\/\/desarrollarterh.com.ar\/wp-content\/uploads\/2021\/03\/pexels-marc-mueller-380769-1024x575.jpg 1024w, http:\/\/desarrollarterh.com.ar\/wp-content\/uploads\/2021\/03\/pexels-marc-mueller-380769-300x168.jpg 300w, http:\/\/desarrollarterh.com.ar\/wp-content\/uploads\/2021\/03\/pexels-marc-mueller-380769-768x431.jpg 768w, http:\/\/desarrollarterh.com.ar\/wp-content\/uploads\/2021\/03\/pexels-marc-mueller-380769-1536x862.jpg 1536w, http:\/\/desarrollarterh.com.ar\/wp-content\/uploads\/2021\/03\/pexels-marc-mueller-380769-2048x1150.jpg 2048w\" sizes=\"(max-width: 1024px) 100vw, 1024px\" \/><\/figure>\n\n\n\n<p><\/p>\n<\/div>\n\n\n\n<div class=\"wp-block-column is-vertically-aligned-center\" style=\"flex-basis:50%\">\n<h2 class=\"has-neve-text-color-color has-text-color\">\u00bfQu\u00e9 hacemos?<\/h2>\n\n\n\n<p><span class=\"has-inline-color has-neve-text-color-color\">Diagn\u00f3stico organizacional: funcional y cultural (An\u00e1lisis FODA, evaluaci\u00f3n de clima laboral y programa de mejora).<\/span><\/p>\n\n\n\n<p><span class=\"has-inline-color has-neve-text-color-color\">An\u00e1lisis y descripci\u00f3n de puestos de trabajo. Dise\u00f1o y\/o actualizaci\u00f3n del organigrama.<\/span><\/p>\n\n\n\n<p><span class=\"has-inline-color has-neve-text-color-color\">Elaboraci\u00f3n del manual de inducci\u00f3n\/ bienvenida del nuevo empleado.<\/span><\/p>\n\n\n\n<p><span class=\"has-inline-color has-neve-text-color-color\">Elaboraci\u00f3n del reglamento interno de la empresa.<\/span><\/p>\n\n\n\n<p><span class=\"has-inline-color has-neve-text-color-color\">Start up\/peque\u00f1os negocios: Brindamos asesoramiento en el dise\u00f1o de estructura, b\u00fasqueda, selecci\u00f3n y conformaci\u00f3n de nuevos equipos de trabajo. Aportando nuestra flexibilidad para adaptarnos a las necesidades y situaci\u00f3n socioecon\u00f3mica del nuevo negocio\/emprendimiento.<\/span><\/p>\n<\/div>\n<\/div>\n\n\n\n<div style=\"height:40px\" aria-hidden=\"true\" class=\"wp-block-spacer\"><\/div>\n<\/div><\/div>\n<\/div><\/div>\n\n\n\n<div class=\"wp-block-cover alignfull has-nv-dark-bg-background-color has-background-dim\" style=\"min-height:1140px\"><div class=\"wp-block-cover__inner-container\">\n<div class=\"wp-block-group\"><div class=\"wp-block-group__inner-container\">\n<div style=\"height:80px\" aria-hidden=\"true\" class=\"wp-block-spacer\"><\/div>\n\n\n\n<div class=\"wp-block-columns are-vertically-aligned-center\">\n<div class=\"wp-block-column is-vertically-aligned-center\" style=\"flex-basis:50%\">\n<h2 class=\"has-nv-text-dark-bg-color has-text-color\">Nuestra Metodolog\u00eda de Trabajo<\/h2>\n\n\n\n<p><span class=\"has-inline-color has-nv-text-dark-bg-color\">1. Relevamos la necesidad.<\/span><\/p>\n\n\n\n<p><span class=\"has-inline-color has-nv-text-dark-bg-color\">2. Analizamos los procesos y\/o la situaci\u00f3n planteada.<\/span><\/p>\n\n\n\n<p><span class=\"has-inline-color has-nv-text-dark-bg-color\">3. Determinamos un plan de acci\u00f3n, definiendo objetivos claros, concisos y medibles.<\/span><\/p>\n\n\n\n<p><span class=\"has-inline-color has-nv-text-dark-bg-color\">4. Ejecutamos el plan.<\/span><\/p>\n\n\n\n<p><span class=\"has-inline-color has-nv-text-dark-bg-color\">5. Evaluamos y medimos los resultados.<\/span><\/p>\n\n\n\n<div style=\"height:20px\" aria-hidden=\"true\" class=\"wp-block-spacer\"><\/div>\n\n\n\n<div class=\"wp-block-buttons\">\n<div class=\"wp-block-button is-style-primary\"><a class=\"wp-block-button__link\" href=\"http:\/\/desarrollarterh.com.ar\/?pagename=contact\" target=\"_blank\" rel=\"noreferrer noopener\">Contacto<\/a><\/div>\n<\/div>\n\n\n\n<div style=\"height:20px\" aria-hidden=\"true\" class=\"wp-block-spacer\"><\/div>\n<\/div>\n\n\n\n<div class=\"wp-block-column is-vertically-aligned-center\" style=\"flex-basis:50%\">\n<figure class=\"wp-block-image size-large\"><img loading=\"lazy\" width=\"683\" height=\"1024\" src=\"http:\/\/desarrollarterh.com.ar\/wp-content\/uploads\/2021\/03\/pexels-anna-shvets-3987020-683x1024.jpg\" alt=\"\" class=\"wp-image-80\" srcset=\"http:\/\/desarrollarterh.com.ar\/wp-content\/uploads\/2021\/03\/pexels-anna-shvets-3987020-683x1024.jpg 683w, http:\/\/desarrollarterh.com.ar\/wp-content\/uploads\/2021\/03\/pexels-anna-shvets-3987020-200x300.jpg 200w, http:\/\/desarrollarterh.com.ar\/wp-content\/uploads\/2021\/03\/pexels-anna-shvets-3987020-768x1152.jpg 768w, http:\/\/desarrollarterh.com.ar\/wp-content\/uploads\/2021\/03\/pexels-anna-shvets-3987020-1024x1536.jpg 1024w, http:\/\/desarrollarterh.com.ar\/wp-content\/uploads\/2021\/03\/pexels-anna-shvets-3987020-1365x2048.jpg 1365w, http:\/\/desarrollarterh.com.ar\/wp-content\/uploads\/2021\/03\/pexels-anna-shvets-3987020-scaled.jpg 1707w\" sizes=\"(max-width: 683px) 100vw, 683px\" \/><\/figure>\n<\/div>\n<\/div>\n\n\n\n<div style=\"height:40px\" aria-hidden=\"true\" class=\"wp-block-spacer\"><\/div>\n<\/div><\/div>\n<\/div><\/div>\n\n\n\n<div class=\"wp-block-group alignfull\"><div class=\"wp-block-group__inner-container\">\n<div class=\"wp-block-columns\"><\/div>\n<\/div><\/div>\n\n\n\n<div class=\"wp-block-group\"><div class=\"wp-block-group__inner-container\">\n<div class=\"wp-block-columns\">\n<div class=\"wp-block-column\" style=\"flex-basis:100%\">\n<div class=\"wp-block-columns\">\n<div class=\"wp-block-column\">\n<div class=\"wp-block-image icon-style is-style-default\"><figure class=\"aligncenter is-resized\"><img loading=\"lazy\" src=\"http:\/\/desarrollarterh.com.ar\/wp-content\/themes\/neve\/assets\/img\/starter-content\/icon-03.svg\" alt=\"\" width=\"48\" height=\"48\"\/><\/figure><\/div>\n\n\n\n<h4 class=\"has-text-align-center\">Selecci\u00f3n de personal de RH y la formaci\u00f3n de cada m\u00f3dulo para la implementaci\u00f3n.<\/h4>\n\n\n\n<div style=\"height:20px\" aria-hidden=\"true\" class=\"wp-block-spacer\"><\/div>\n\n\n\n<p><\/p>\n<\/div>\n\n\n\n<div class=\"wp-block-column\">\n<div class=\"wp-block-image icon-style is-style-default\"><figure class=\"aligncenter is-resized\"><img loading=\"lazy\" src=\"http:\/\/desarrollarterh.com.ar\/wp-content\/themes\/neve\/assets\/img\/starter-content\/icon-03.svg\" alt=\"\" width=\"48\" height=\"48\"\/><\/figure><\/div>\n\n\n\n<h4 class=\"has-text-align-center\">Enlatado de todos los procesos referentes del \u00e1rea con manuales y documentos para la implementaci\u00f3n en cada m\u00f3dulo. <\/h4>\n\n\n\n<div style=\"height:20px\" aria-hidden=\"true\" class=\"wp-block-spacer\"><\/div>\n\n\n\n<p><\/p>\n<\/div>\n<\/div>\n<\/div>\n<\/div>\n<\/div><\/div>\n","protected":false},"excerpt":{"rendered":"<p>Proponemos a nuestros clientes considerar y revisar sus procesos de RRHH analizando en detalle cada situaci\u00f3n puntual.<\/p>\n","protected":false},"author":1,"featured_media":0,"parent":0,"menu_order":0,"comment_status":"closed","ping_status":"closed","template":"","meta":{"neve_meta_sidebar":"full-width","neve_meta_container":"","neve_meta_enable_content_width":"on","neve_meta_content_width":100,"neve_meta_title_alignment":"","neve_meta_author_avatar":"","neve_post_elements_order":"","neve_meta_disable_header":"","neve_meta_disable_footer":"","neve_meta_disable_title":""},"yoast_head":"<!-- This site is optimized with the Yoast SEO plugin v16.0.2 - https:\/\/yoast.com\/wordpress\/plugins\/seo\/ -->\n<title>SOPORTE Y CONSULTOR\u00cdA - Desarrollarte RH<\/title>\n<meta name=\"robots\" content=\"index, follow, max-snippet:-1, max-image-preview:large, max-video-preview:-1\" \/>\n<link rel=\"canonical\" href=\"http:\/\/desarrollarterh.com.ar\/index.php\/soporte-y-consultoria\/\" \/>\n<meta property=\"og:locale\" content=\"es_ES\" \/>\n<meta property=\"og:type\" content=\"article\" \/>\n<meta property=\"og:title\" content=\"SOPORTE Y CONSULTOR\u00cdA - Desarrollarte RH\" \/>\n<meta property=\"og:description\" content=\"Proponemos a nuestros clientes considerar y revisar sus procesos de RRHH analizando en detalle cada situaci\u00f3n puntual.\" \/>\n<meta property=\"og:url\" content=\"http:\/\/desarrollarterh.com.ar\/index.php\/soporte-y-consultoria\/\" \/>\n<meta property=\"og:site_name\" content=\"Desarrollarte RH\" \/>\n<meta property=\"article:modified_time\" content=\"2021-03-05T13:46:55+00:00\" \/>\n<meta property=\"og:image\" content=\"http:\/\/desarrollarterh.com.ar\/wp-content\/uploads\/2021\/03\/pexels-marc-mueller-380769-1024x575.jpg\" \/>\n<meta name=\"twitter:card\" content=\"summary_large_image\" \/>\n<meta name=\"twitter:label1\" content=\"Tiempo de lectura\">\n\t<meta name=\"twitter:data1\" content=\"1 minuto\">\n<script type=\"application\/ld+json\" class=\"yoast-schema-graph\">{\"@context\":\"https:\/\/schema.org\",\"@graph\":[{\"@type\":\"WebSite\",\"@id\":\"http:\/\/desarrollarterh.com.ar\/#website\",\"url\":\"http:\/\/desarrollarterh.com.ar\/\",\"name\":\"Desarrollarte RH\",\"description\":\"Human Resources &amp; Head Hunting\",\"potentialAction\":[{\"@type\":\"SearchAction\",\"target\":\"http:\/\/desarrollarterh.com.ar\/?s={search_term_string}\",\"query-input\":\"required name=search_term_string\"}],\"inLanguage\":\"es\"},{\"@type\":\"ImageObject\",\"@id\":\"http:\/\/desarrollarterh.com.ar\/index.php\/soporte-y-consultoria\/#primaryimage\",\"inLanguage\":\"es\",\"url\":\"http:\/\/desarrollarterh.com.ar\/wp-content\/uploads\/2021\/03\/pexels-marc-mueller-380769-1024x575.jpg\"},{\"@type\":\"WebPage\",\"@id\":\"http:\/\/desarrollarterh.com.ar\/index.php\/soporte-y-consultoria\/#webpage\",\"url\":\"http:\/\/desarrollarterh.com.ar\/index.php\/soporte-y-consultoria\/\",\"name\":\"SOPORTE Y CONSULTOR\\u00cdA - Desarrollarte RH\",\"isPartOf\":{\"@id\":\"http:\/\/desarrollarterh.com.ar\/#website\"},\"primaryImageOfPage\":{\"@id\":\"http:\/\/desarrollarterh.com.ar\/index.php\/soporte-y-consultoria\/#primaryimage\"},\"datePublished\":\"2021-03-05T12:25:41+00:00\",\"dateModified\":\"2021-03-05T13:46:55+00:00\",\"breadcrumb\":{\"@id\":\"http:\/\/desarrollarterh.com.ar\/index.php\/soporte-y-consultoria\/#breadcrumb\"},\"inLanguage\":\"es\",\"potentialAction\":[{\"@type\":\"ReadAction\",\"target\":[\"http:\/\/desarrollarterh.com.ar\/index.php\/soporte-y-consultoria\/\"]}]},{\"@type\":\"BreadcrumbList\",\"@id\":\"http:\/\/desarrollarterh.com.ar\/index.php\/soporte-y-consultoria\/#breadcrumb\",\"itemListElement\":[{\"@type\":\"ListItem\",\"position\":1,\"item\":{\"@type\":\"WebPage\",\"@id\":\"http:\/\/desarrollarterh.com.ar\/\",\"url\":\"http:\/\/desarrollarterh.com.ar\/\",\"name\":\"Portada\"}},{\"@type\":\"ListItem\",\"position\":2,\"item\":{\"@type\":\"WebPage\",\"@id\":\"http:\/\/desarrollarterh.com.ar\/index.php\/soporte-y-consultoria\/\",\"url\":\"http:\/\/desarrollarterh.com.ar\/index.php\/soporte-y-consultoria\/\",\"name\":\"SOPORTE Y CONSULTOR\\u00cdA\"}}]}]}<\/script>\n<!-- \/ Yoast SEO plugin. -->","_links":{"self":[{"href":"http:\/\/desarrollarterh.com.ar\/index.php\/wp-json\/wp\/v2\/pages\/92"}],"collection":[{"href":"http:\/\/desarrollarterh.com.ar\/index.php\/wp-json\/wp\/v2\/pages"}],"about":[{"href":"http:\/\/desarrollarterh.com.ar\/index.php\/wp-json\/wp\/v2\/types\/page"}],"author":[{"embeddable":true,"href":"http:\/\/desarrollarterh.com.ar\/index.php\/wp-json\/wp\/v2\/users\/1"}],"replies":[{"embeddable":true,"href":"http:\/\/desarrollarterh.com.ar\/index.php\/wp-json\/wp\/v2\/comments?post=92"}],"version-history":[{"count":31,"href":"http:\/\/desarrollarterh.com.ar\/index.php\/wp-json\/wp\/v2\/pages\/92\/revisions"}],"predecessor-version":[{"id":155,"href":"http:\/\/desarrollarterh.com.ar\/index.php\/wp-json\/wp\/v2\/pages\/92\/revisions\/155"}],"wp:attachment":[{"href":"http:\/\/desarrollarterh.com.ar\/index.php\/wp-json\/wp\/v2\/media?parent=92"}],"curies":[{"name":"wp","href":"https:\/\/api.w.org\/{rel}","templated":true}]}}