{"id":16,"date":"2021-02-27T10:47:39","date_gmt":"2021-02-27T13:47:39","guid":{"rendered":"http:\/\/desarrollarterh.com.ar\/?page_id=16"},"modified":"2021-03-05T10:46:24","modified_gmt":"2021-03-05T13:46:24","slug":"acerca-de","status":"publish","type":"page","link":"https:\/\/desarrollarterh.com.ar\/index.php\/acerca-de\/","title":{"rendered":"Nosotros"},"content":{"rendered":"\n<div class=\"wp-block-cover alignfull has-nv-light-bg-background-color has-background-dim\" style=\"min-height:600px\"><div class=\"wp-block-cover__inner-container\">\n<div class=\"wp-block-group\"><div class=\"wp-block-group__inner-container\">\n<div style=\"height:80px\" aria-hidden=\"true\" class=\"wp-block-spacer\"><\/div>\n\n\n\n<div class=\"wp-block-columns are-vertically-aligned-center\">\n<div class=\"wp-block-column is-vertically-aligned-center\" style=\"flex-basis:50%\">\n<figure class=\"wp-block-image size-large\"><img loading=\"lazy\" width=\"1024\" height=\"575\" src=\"http:\/\/desarrollarterh.com.ar\/wp-content\/uploads\/2021\/03\/pexels-marc-mueller-380769-1024x575.jpg\" alt=\"\" class=\"wp-image-76\" srcset=\"https:\/\/desarrollarterh.com.ar\/wp-content\/uploads\/2021\/03\/pexels-marc-mueller-380769-1024x575.jpg 1024w, https:\/\/desarrollarterh.com.ar\/wp-content\/uploads\/2021\/03\/pexels-marc-mueller-380769-300x168.jpg 300w, https:\/\/desarrollarterh.com.ar\/wp-content\/uploads\/2021\/03\/pexels-marc-mueller-380769-768x431.jpg 768w, https:\/\/desarrollarterh.com.ar\/wp-content\/uploads\/2021\/03\/pexels-marc-mueller-380769-1536x862.jpg 1536w, https:\/\/desarrollarterh.com.ar\/wp-content\/uploads\/2021\/03\/pexels-marc-mueller-380769-2048x1150.jpg 2048w\" sizes=\"(max-width: 1024px) 100vw, 1024px\" \/><\/figure>\n\n\n\n<p><\/p>\n<\/div>\n\n\n\n<div class=\"wp-block-column is-vertically-aligned-center\" style=\"flex-basis:50%\">\n<h2 class=\"has-neve-text-color-color has-text-color\">Nuestra Historia<\/h2>\n\n\n\n<p class=\"has-neve-text-color-color has-text-color has-medium-font-size\">Desde hace a\u00f1os nuestros equipos de profesionales vienen trabajando en diferentes empresas Internacionales generando valor y transformando nuestros propios espacios de trabajo. <\/p>\n\n\n\n<p class=\"has-neve-text-color-color has-text-color has-medium-font-size\">Esa experiencia acumulada nos convenci\u00f3 de que eramos capaces de ofrecer nuestras pasi\u00f3n para crear nuevos protagonitas. <\/p>\n<\/div>\n<\/div>\n\n\n\n<div style=\"height:40px\" aria-hidden=\"true\" class=\"wp-block-spacer\"><\/div>\n<\/div><\/div>\n<\/div><\/div>\n\n\n\n<div class=\"wp-block-cover alignfull has-nv-dark-bg-background-color has-background-dim\" style=\"min-height:600px\"><div class=\"wp-block-cover__inner-container\">\n<div class=\"wp-block-group\"><div class=\"wp-block-group__inner-container\">\n<div style=\"height:80px\" aria-hidden=\"true\" class=\"wp-block-spacer\"><\/div>\n\n\n\n<div class=\"wp-block-columns are-vertically-aligned-center\">\n<div class=\"wp-block-column is-vertically-aligned-center\" style=\"flex-basis:50%\">\n<h2 class=\"has-nv-text-dark-bg-color has-text-color\">\u00bfQu\u00e9 hacemos?<\/h2>\n\n\n\n<p class=\"has-nv-text-dark-bg-color has-text-color\">Desarrollarte RH es una empresa que ofrece servicios de selecci\u00f3n de personal, soporte, consultor\u00eda, capacitaci\u00f3n, coaching y desarrollo gerencial.  <\/p>\n\n\n\n<p class=\"has-nv-text-dark-bg-color has-text-color\" style=\"font-size:-1px\">Ponemos toda nuestra pasi\u00f3n para potenciar a los profesionales y fortalecer equipos de trabajo.<\/p>\n\n\n\n<p class=\"has-nv-text-dark-bg-color has-text-color\" style=\"font-size:-1px\">Relevamos la situaci\u00f3n, analizamos los procesos, determinamos un plan de acci\u00f3n, con objetivos claros, precisos y medibles, ejecutamos el plan, y evaluamos y medimos los resultados.<\/p>\n\n\n\n<div style=\"height:20px\" aria-hidden=\"true\" class=\"wp-block-spacer\"><\/div>\n\n\n\n<div class=\"wp-block-buttons\">\n<div class=\"wp-block-button is-style-primary\"><a class=\"wp-block-button__link\" href=\"http:\/\/desarrollarterh.com.ar\/?pagename=contact\" target=\"_blank\" rel=\"noreferrer noopener\">Contacto<\/a><\/div>\n<\/div>\n\n\n\n<div style=\"height:20px\" aria-hidden=\"true\" class=\"wp-block-spacer\"><\/div>\n<\/div>\n\n\n\n<div class=\"wp-block-column is-vertically-aligned-center\" style=\"flex-basis:50%\">\n<figure class=\"wp-block-image size-large\"><img loading=\"lazy\" width=\"683\" height=\"1024\" src=\"http:\/\/desarrollarterh.com.ar\/wp-content\/uploads\/2021\/03\/pexels-anna-shvets-3987020-683x1024.jpg\" alt=\"\" class=\"wp-image-80\" srcset=\"https:\/\/desarrollarterh.com.ar\/wp-content\/uploads\/2021\/03\/pexels-anna-shvets-3987020-683x1024.jpg 683w, https:\/\/desarrollarterh.com.ar\/wp-content\/uploads\/2021\/03\/pexels-anna-shvets-3987020-200x300.jpg 200w, https:\/\/desarrollarterh.com.ar\/wp-content\/uploads\/2021\/03\/pexels-anna-shvets-3987020-768x1152.jpg 768w, https:\/\/desarrollarterh.com.ar\/wp-content\/uploads\/2021\/03\/pexels-anna-shvets-3987020-1024x1536.jpg 1024w, https:\/\/desarrollarterh.com.ar\/wp-content\/uploads\/2021\/03\/pexels-anna-shvets-3987020-1365x2048.jpg 1365w, https:\/\/desarrollarterh.com.ar\/wp-content\/uploads\/2021\/03\/pexels-anna-shvets-3987020-scaled.jpg 1707w\" sizes=\"(max-width: 683px) 100vw, 683px\" \/><\/figure>\n<\/div>\n<\/div>\n\n\n\n<div style=\"height:40px\" aria-hidden=\"true\" class=\"wp-block-spacer\"><\/div>\n<\/div><\/div>\n<\/div><\/div>\n","protected":false},"excerpt":{"rendered":"","protected":false},"author":1,"featured_media":0,"parent":0,"menu_order":0,"comment_status":"closed","ping_status":"closed","template":"","meta":{"neve_meta_sidebar":"","neve_meta_container":"","neve_meta_enable_content_width":"on","neve_meta_content_width":100,"neve_meta_title_alignment":"","neve_meta_author_avatar":"","neve_post_elements_order":"","neve_meta_disable_header":"","neve_meta_disable_footer":"","neve_meta_disable_title":"on"},"yoast_head":"<!-- This site is optimized with the Yoast SEO plugin v16.0.2 - https:\/\/yoast.com\/wordpress\/plugins\/seo\/ -->\n<title>Nosotros - Desarrollarte RH<\/title>\n<meta name=\"robots\" content=\"index, follow, max-snippet:-1, max-image-preview:large, max-video-preview:-1\" \/>\n<link rel=\"canonical\" href=\"http:\/\/desarrollarterh.com.ar\/index.php\/acerca-de\/\" \/>\n<meta property=\"og:locale\" content=\"es_ES\" \/>\n<meta property=\"og:type\" content=\"article\" \/>\n<meta property=\"og:title\" content=\"Nosotros - Desarrollarte RH\" \/>\n<meta property=\"og:url\" content=\"http:\/\/desarrollarterh.com.ar\/index.php\/acerca-de\/\" \/>\n<meta property=\"og:site_name\" content=\"Desarrollarte RH\" \/>\n<meta property=\"article:modified_time\" content=\"2021-03-05T13:46:24+00:00\" \/>\n<meta property=\"og:image\" content=\"http:\/\/desarrollarterh.com.ar\/wp-content\/uploads\/2021\/03\/pexels-marc-mueller-380769-1024x575.jpg\" \/>\n<meta name=\"twitter:card\" content=\"summary_large_image\" \/>\n<meta name=\"twitter:label1\" content=\"Tiempo de lectura\">\n\t<meta name=\"twitter:data1\" content=\"1 minuto\">\n<script type=\"application\/ld+json\" class=\"yoast-schema-graph\">{\"@context\":\"https:\/\/schema.org\",\"@graph\":[{\"@type\":\"WebSite\",\"@id\":\"http:\/\/desarrollarterh.com.ar\/#website\",\"url\":\"http:\/\/desarrollarterh.com.ar\/\",\"name\":\"Desarrollarte RH\",\"description\":\"Human Resources &amp; Head Hunting\",\"potentialAction\":[{\"@type\":\"SearchAction\",\"target\":\"http:\/\/desarrollarterh.com.ar\/?s={search_term_string}\",\"query-input\":\"required name=search_term_string\"}],\"inLanguage\":\"es\"},{\"@type\":\"ImageObject\",\"@id\":\"http:\/\/desarrollarterh.com.ar\/index.php\/acerca-de\/#primaryimage\",\"inLanguage\":\"es\",\"url\":\"http:\/\/desarrollarterh.com.ar\/wp-content\/uploads\/2021\/03\/pexels-marc-mueller-380769-1024x575.jpg\"},{\"@type\":\"WebPage\",\"@id\":\"http:\/\/desarrollarterh.com.ar\/index.php\/acerca-de\/#webpage\",\"url\":\"http:\/\/desarrollarterh.com.ar\/index.php\/acerca-de\/\",\"name\":\"Nosotros - Desarrollarte RH\",\"isPartOf\":{\"@id\":\"http:\/\/desarrollarterh.com.ar\/#website\"},\"primaryImageOfPage\":{\"@id\":\"http:\/\/desarrollarterh.com.ar\/index.php\/acerca-de\/#primaryimage\"},\"datePublished\":\"2021-02-27T13:47:39+00:00\",\"dateModified\":\"2021-03-05T13:46:24+00:00\",\"breadcrumb\":{\"@id\":\"http:\/\/desarrollarterh.com.ar\/index.php\/acerca-de\/#breadcrumb\"},\"inLanguage\":\"es\",\"potentialAction\":[{\"@type\":\"ReadAction\",\"target\":[\"http:\/\/desarrollarterh.com.ar\/index.php\/acerca-de\/\"]}]},{\"@type\":\"BreadcrumbList\",\"@id\":\"http:\/\/desarrollarterh.com.ar\/index.php\/acerca-de\/#breadcrumb\",\"itemListElement\":[{\"@type\":\"ListItem\",\"position\":1,\"item\":{\"@type\":\"WebPage\",\"@id\":\"http:\/\/desarrollarterh.com.ar\/\",\"url\":\"http:\/\/desarrollarterh.com.ar\/\",\"name\":\"Portada\"}},{\"@type\":\"ListItem\",\"position\":2,\"item\":{\"@type\":\"WebPage\",\"@id\":\"http:\/\/desarrollarterh.com.ar\/index.php\/acerca-de\/\",\"url\":\"http:\/\/desarrollarterh.com.ar\/index.php\/acerca-de\/\",\"name\":\"Nosotros\"}}]}]}<\/script>\n<!-- \/ Yoast SEO plugin. -->","_links":{"self":[{"href":"https:\/\/desarrollarterh.com.ar\/index.php\/wp-json\/wp\/v2\/pages\/16"}],"collection":[{"href":"https:\/\/desarrollarterh.com.ar\/index.php\/wp-json\/wp\/v2\/pages"}],"about":[{"href":"https:\/\/desarrollarterh.com.ar\/index.php\/wp-json\/wp\/v2\/types\/page"}],"author":[{"embeddable":true,"href":"https:\/\/desarrollarterh.com.ar\/index.php\/wp-json\/wp\/v2\/users\/1"}],"replies":[{"embeddable":true,"href":"https:\/\/desarrollarterh.com.ar\/index.php\/wp-json\/wp\/v2\/comments?post=16"}],"version-history":[{"count":5,"href":"https:\/\/desarrollarterh.com.ar\/index.php\/wp-json\/wp\/v2\/pages\/16\/revisions"}],"predecessor-version":[{"id":101,"href":"https:\/\/desarrollarterh.com.ar\/index.php\/wp-json\/wp\/v2\/pages\/16\/revisions\/101"}],"wp:attachment":[{"href":"https:\/\/desarrollarterh.com.ar\/index.php\/wp-json\/wp\/v2\/media?parent=16"}],"curies":[{"name":"wp","href":"https:\/\/api.w.org\/{rel}","templated":true}]}}